{"id":1263,"date":"2022-03-17T16:38:47","date_gmt":"2022-03-17T16:38:47","guid":{"rendered":"http:\/\/activattitude.fr\/?page_id=1263"},"modified":"2022-09-03T14:59:50","modified_gmt":"2022-09-03T13:59:50","slug":"acceuil2-2","status":"publish","type":"page","link":"https:\/\/activattitude.fr\/?page_id=1263","title":{"rendered":"Acceuil"},"content":{"rendered":"\n<div class=\"wp-block-cover alignfull is-light\" style=\"min-height:537px;aspect-ratio:unset;\"><span aria-hidden=\"true\" class=\"wp-block-cover__background has-black-background-color has-background-dim-0 has-background-dim\"><\/span><img loading=\"lazy\" decoding=\"async\" width=\"1124\" height=\"462\" class=\"wp-block-cover__image-background wp-image-1368\" alt=\"\" src=\"http:\/\/activattitude.fr\/wp-content\/uploads\/2022\/04\/Accueil20220413_bannierev2.jpg\" style=\"object-position:60% 16%\" data-object-fit=\"cover\" data-object-position=\"60% 16%\" srcset=\"https:\/\/activattitude.fr\/wp-content\/uploads\/2022\/04\/Accueil20220413_bannierev2.jpg 1124w, https:\/\/activattitude.fr\/wp-content\/uploads\/2022\/04\/Accueil20220413_bannierev2-300x123.jpg 300w, https:\/\/activattitude.fr\/wp-content\/uploads\/2022\/04\/Accueil20220413_bannierev2-1024x421.jpg 1024w, https:\/\/activattitude.fr\/wp-content\/uploads\/2022\/04\/Accueil20220413_bannierev2-768x316.jpg 768w\" sizes=\"auto, (max-width: 1124px) 100vw, 1124px\" \/><div class=\"wp-block-cover__inner-container is-layout-flow wp-block-cover-is-layout-flow\">\n<p class=\"has-text-align-center has-ast-global-color-4-color has-text-color\" style=\"font-size:60px\"><strong>Activ Attitude<\/strong><\/p>\n\n\n\n<p class=\"has-text-align-center has-ast-global-color-6-color has-text-color\"><strong>Un marathon c\u2019est&nbsp;: <\/strong>        <\/p>\n\n\n\n<p class=\"has-text-align-center has-ast-global-color-6-color has-text-color\">         <strong>30 Km avec les jambes<\/strong><\/p>\n\n\n\n<p class=\"has-text-align-center has-ast-global-color-6-color has-text-color\">                  <strong>10 Km avec la t\u00eate<\/strong><\/p>\n\n\n\n<p class=\"has-text-align-center has-ast-global-color-6-color has-text-color\">                                           <strong>2 Km avec le c\u0153ur<\/strong><\/p>\n\n\n\n<p class=\"has-text-align-center has-black-color has-text-color\">                                                               <strong>195m avec les larmes<\/strong><\/p>\n<\/div><\/div>\n\n\n\n<p class=\"has-ast-global-color-6-background-color has-background\"><\/p>\n\n\n\n<div class=\"wp-block-group alignfull has-background\" style=\"background-color:#151515\"><div class=\"wp-block-group__inner-container is-layout-constrained wp-block-group-is-layout-constrained\">\n<div class=\"wp-block-columns alignwide is-layout-flex wp-container-core-columns-is-layout-9d6595d7 wp-block-columns-is-layout-flex\">\n<div class=\"wp-block-column is-layout-flow wp-block-column-is-layout-flow\">\n<div class=\"wp-block-group alignwide has-background\" style=\"background-color:#292929\"><div class=\"wp-block-group__inner-container is-layout-constrained wp-block-group-is-layout-constrained\">\n<div class=\"wp-block-media-text alignwide is-stacked-on-mobile is-vertically-aligned-center is-image-fill\" style=\"grid-template-columns:36% auto\"><figure class=\"wp-block-media-text__media\" style=\"background-image:url(http:\/\/activattitude.fr\/wp-content\/uploads\/2022\/04\/Accueuil20220413_BlocAA.jpg);background-position:49% 16%\"><img loading=\"lazy\" decoding=\"async\" width=\"225\" height=\"363\" src=\"http:\/\/activattitude.fr\/wp-content\/uploads\/2022\/04\/Accueuil20220413_BlocAA.jpg\" alt=\"\" class=\"wp-image-1379 size-medium\" srcset=\"https:\/\/activattitude.fr\/wp-content\/uploads\/2022\/04\/Accueuil20220413_BlocAA.jpg 225w, https:\/\/activattitude.fr\/wp-content\/uploads\/2022\/04\/Accueuil20220413_BlocAA-186x300.jpg 186w\" sizes=\"auto, (max-width: 225px) 100vw, 225px\" \/><\/figure><div class=\"wp-block-media-text__content\">\n<h4 class=\"has-text-align-center has-text-color wp-block-heading\" style=\"color:#ffffff\">    Activ Attitude<\/h4>\n\n\n\n<p class=\"has-drop-cap has-ast-global-color-6-color has-text-color\" style=\"font-size:15px\">Je m&#8217;appelle Mathis et avant d&#8217;\u00eatre coach sportif, je suis judoka et triathl\u00e8te. Mon objectif? Te donner envie de pratiquer \u00e0 travers diff\u00e9rents aspects du sport, du cadre psychologique \u00e0 l&#8217;aspect physique en passant par la physiologie du corps.<\/p>\n<\/div><\/div>\n<\/div><\/div>\n<\/div>\n\n\n\n<div class=\"wp-block-column is-vertically-aligned-top is-layout-flow wp-block-column-is-layout-flow\">\n<div class=\"wp-block-group alignwide has-background\" style=\"background-color:#292929\"><div class=\"wp-block-group__inner-container is-layout-constrained wp-block-group-is-layout-constrained\">\n<div class=\"wp-block-media-text is-stacked-on-mobile is-vertically-aligned-center is-image-fill\" style=\"grid-template-columns:37% auto\"><figure class=\"wp-block-media-text__media\" style=\"background-image:url(http:\/\/activattitude.fr\/wp-content\/uploads\/2022\/04\/Accueil20220413_BlocService4.jpg);background-position:50% 50%\"><img loading=\"lazy\" decoding=\"async\" width=\"640\" height=\"960\" src=\"http:\/\/activattitude.fr\/wp-content\/uploads\/2022\/04\/Accueil20220413_BlocService4.jpg\" alt=\"\" class=\"wp-image-1489 size-medium\" srcset=\"https:\/\/activattitude.fr\/wp-content\/uploads\/2022\/04\/Accueil20220413_BlocService4.jpg 640w, https:\/\/activattitude.fr\/wp-content\/uploads\/2022\/04\/Accueil20220413_BlocService4-200x300.jpg 200w\" sizes=\"auto, (max-width: 640px) 100vw, 640px\" \/><\/figure><div class=\"wp-block-media-text__content\">\n<h4 class=\"has-text-align-center has-text-color wp-block-heading\" style=\"color:#ffffff\">Services<\/h4>\n\n\n\n<p class=\"has-drop-cap has-text-color\" style=\"color:#ffffff;font-size:15px\">Vos besoins, vos envies, vos disponibilit\u00e9s. Mon expertise, mon exp\u00e9rience, mes flexibilit\u00e9s.<\/p>\n\n\n\n<p class=\"has-text-align-center has-ast-global-color-6-color has-text-color\" style=\"font-size:15px\">&nbsp;Suivi \u00e0 distance  ou coaching r\u00e9el <\/p>\n<\/div><\/div>\n<\/div><\/div>\n<\/div>\n<\/div>\n\n\n\n<div class=\"wp-block-columns alignwide is-layout-flex wp-container-core-columns-is-layout-9d6595d7 wp-block-columns-is-layout-flex\">\n<div class=\"wp-block-column is-layout-flow wp-block-column-is-layout-flow\">\n<div class=\"wp-block-group alignwide has-background\" style=\"background-color:#292929\"><div class=\"wp-block-group__inner-container is-layout-constrained wp-block-group-is-layout-constrained\">\n<div class=\"wp-block-media-text alignwide is-stacked-on-mobile is-vertically-aligned-center is-image-fill\" style=\"grid-template-columns:36% auto\"><figure class=\"wp-block-media-text__media\" style=\"background-image:url(http:\/\/activattitude.fr\/wp-content\/uploads\/2022\/04\/AcceuilNew20220413-2.jpg);background-position:50% 50%\"><img loading=\"lazy\" decoding=\"async\" width=\"329\" height=\"326\" src=\"http:\/\/activattitude.fr\/wp-content\/uploads\/2022\/04\/AcceuilNew20220413-2.jpg\" alt=\"\" class=\"wp-image-1388 size-medium\" srcset=\"https:\/\/activattitude.fr\/wp-content\/uploads\/2022\/04\/AcceuilNew20220413-2.jpg 329w, https:\/\/activattitude.fr\/wp-content\/uploads\/2022\/04\/AcceuilNew20220413-2-300x297.jpg 300w, https:\/\/activattitude.fr\/wp-content\/uploads\/2022\/04\/AcceuilNew20220413-2-150x150.jpg 150w\" sizes=\"auto, (max-width: 329px) 100vw, 329px\" \/><\/figure><div class=\"wp-block-media-text__content\">\n<h4 class=\"has-text-align-center has-text-color wp-block-heading\" style=\"color:#ffffff\">Articles sportifs<\/h4>\n\n\n\n<p class=\"has-drop-cap has-text-color\" style=\"color:#ffffff;font-size:15px\">Suivez l\u2019actualit\u00e9 sportive sur cette page  ou directement dans votre bo\u00eete mail en vous inscrivant ici. Au del\u00e0 de l\u2019aspect purement physique, suivez l\u2019actualit\u00e9 sportive avec mon point de vue ainsi que des conseils \u00e0 travers des articles r\u00e9guliers.<\/p>\n<\/div><\/div>\n<\/div><\/div>\n<\/div>\n\n\n\n<div class=\"wp-block-column is-layout-flow wp-block-column-is-layout-flow\">\n<div class=\"wp-block-group alignwide has-background\" style=\"background-color:#292929\"><div class=\"wp-block-group__inner-container is-layout-constrained wp-block-group-is-layout-constrained\">\n<div class=\"wp-block-media-text alignwide is-stacked-on-mobile is-vertically-aligned-center is-image-fill\" style=\"grid-template-columns:36% auto\"><figure class=\"wp-block-media-text__media\" style=\"background-image:url(http:\/\/activattitude.fr\/wp-content\/uploads\/2022\/04\/contact-683x1024.jpg);background-position:50% 50%\"><img loading=\"lazy\" decoding=\"async\" width=\"683\" height=\"1024\" src=\"http:\/\/activattitude.fr\/wp-content\/uploads\/2022\/04\/contact-683x1024.jpg\" alt=\"\" class=\"wp-image-1326 size-medium\" srcset=\"https:\/\/activattitude.fr\/wp-content\/uploads\/2022\/04\/contact-683x1024.jpg 683w, https:\/\/activattitude.fr\/wp-content\/uploads\/2022\/04\/contact-200x300.jpg 200w, https:\/\/activattitude.fr\/wp-content\/uploads\/2022\/04\/contact-768x1152.jpg 768w, https:\/\/activattitude.fr\/wp-content\/uploads\/2022\/04\/contact-1024x1536.jpg 1024w, https:\/\/activattitude.fr\/wp-content\/uploads\/2022\/04\/contact-1365x2048.jpg 1365w, https:\/\/activattitude.fr\/wp-content\/uploads\/2022\/04\/contact-scaled.jpg 1707w\" sizes=\"auto, (max-width: 683px) 100vw, 683px\" \/><\/figure><div class=\"wp-block-media-text__content\">\n<h4 class=\"has-text-align-center has-text-color wp-block-heading\" style=\"color:#ffffff\">Contact<\/h4>\n\n\n\n<p class=\"has-drop-cap has-text-color\" style=\"color:#ffffff;font-size:15px\">Apr\u00e8s avoir parcouru les diff\u00e9rents aspects du projet, si tu souhaites en savoir plus ou poser quelconque question, tu peux nous retrouver sur les r\u00e9seaux sociaux via @ActivAttitude ou nous laisser un mail apr\u00e8s t\u2019\u00eatre inscrit!<\/p>\n<\/div><\/div>\n<\/div><\/div>\n<\/div>\n<\/div>\n<\/div><\/div>\n\n\n\n<p><\/p>\n","protected":false},"excerpt":{"rendered":"<p>Activ Attitude Je m&#8217;appelle Mathis et avant d&#8217;\u00eatre coach sportif, je suis judoka et triathl\u00e8te. Mon objectif? Te donner envie de pratiquer \u00e0 travers diff\u00e9rents aspects du sport, du cadre psychologique \u00e0 l&#8217;aspect physique en passant par la physiologie du corps. Services Vos besoins, vos envies, vos disponibilit\u00e9s. Mon expertise, mon exp\u00e9rience, mes flexibilit\u00e9s. &nbsp;Suivi&hellip; <br \/> <a class=\"button small blue\" href=\"https:\/\/activattitude.fr\/?page_id=1263\">Lire la suite<\/a><\/p>\n","protected":false},"author":1,"featured_media":0,"parent":0,"menu_order":0,"comment_status":"closed","ping_status":"closed","template":"","meta":{"om_disable_all_campaigns":false,"_monsterinsights_skip_tracking":false,"_monsterinsights_sitenote_active":false,"_monsterinsights_sitenote_note":"","_monsterinsights_sitenote_category":0,"footnotes":""},"class_list":["post-1263","page","type-page","status-publish","hentry"],"_links":{"self":[{"href":"https:\/\/activattitude.fr\/index.php?rest_route=\/wp\/v2\/pages\/1263","targetHints":{"allow":["GET"]}}],"collection":[{"href":"https:\/\/activattitude.fr\/index.php?rest_route=\/wp\/v2\/pages"}],"about":[{"href":"https:\/\/activattitude.fr\/index.php?rest_route=\/wp\/v2\/types\/page"}],"author":[{"embeddable":true,"href":"https:\/\/activattitude.fr\/index.php?rest_route=\/wp\/v2\/users\/1"}],"replies":[{"embeddable":true,"href":"https:\/\/activattitude.fr\/index.php?rest_route=%2Fwp%2Fv2%2Fcomments&post=1263"}],"version-history":[{"count":59,"href":"https:\/\/activattitude.fr\/index.php?rest_route=\/wp\/v2\/pages\/1263\/revisions"}],"predecessor-version":[{"id":1822,"href":"https:\/\/activattitude.fr\/index.php?rest_route=\/wp\/v2\/pages\/1263\/revisions\/1822"}],"wp:attachment":[{"href":"https:\/\/activattitude.fr\/index.php?rest_route=%2Fwp%2Fv2%2Fmedia&parent=1263"}],"curies":[{"name":"wp","href":"https:\/\/api.w.org\/{rel}","templated":true}]}}