{"id":1584,"date":"2022-04-14T12:39:34","date_gmt":"2022-04-14T11:39:34","guid":{"rendered":"http:\/\/activattitude.fr\/?page_id=1584"},"modified":"2022-09-02T16:57:31","modified_gmt":"2022-09-02T15:57:31","slug":"suivi-en-ligne","status":"publish","type":"page","link":"https:\/\/activattitude.fr\/?page_id=1584","title":{"rendered":"Suivi en ligne"},"content":{"rendered":"\n<div class=\"wp-block-cover is-light\"><span aria-hidden=\"true\" class=\"wp-block-cover__background has-background-dim\"><\/span><img loading=\"lazy\" decoding=\"async\" width=\"2560\" height=\"1709\" class=\"wp-block-cover__image-background wp-image-1587\" alt=\"\" src=\"http:\/\/activattitude.fr\/wp-content\/uploads\/2022\/04\/SuiviEnLigne20220414_Banniere-scaled.jpg\" data-object-fit=\"cover\" srcset=\"https:\/\/activattitude.fr\/wp-content\/uploads\/2022\/04\/SuiviEnLigne20220414_Banniere-scaled.jpg 2560w, https:\/\/activattitude.fr\/wp-content\/uploads\/2022\/04\/SuiviEnLigne20220414_Banniere-300x200.jpg 300w, https:\/\/activattitude.fr\/wp-content\/uploads\/2022\/04\/SuiviEnLigne20220414_Banniere-1024x683.jpg 1024w, https:\/\/activattitude.fr\/wp-content\/uploads\/2022\/04\/SuiviEnLigne20220414_Banniere-768x513.jpg 768w, https:\/\/activattitude.fr\/wp-content\/uploads\/2022\/04\/SuiviEnLigne20220414_Banniere-1536x1025.jpg 1536w, https:\/\/activattitude.fr\/wp-content\/uploads\/2022\/04\/SuiviEnLigne20220414_Banniere-2048x1367.jpg 2048w\" sizes=\"auto, (max-width: 2560px) 100vw, 2560px\" \/><div class=\"wp-block-cover__inner-container is-layout-flow wp-block-cover-is-layout-flow\">\n<h1 class=\"has-ast-global-color-5-color has-text-color wp-block-heading\" style=\"font-size:60px\"><strong>Suivi en ligne<\/strong><\/h1>\n<\/div><\/div>\n\n\n\n<p><\/p>\n\n\n\n<div class=\"wp-block-group alignfull has-background\" style=\"background-color:#171717\"><div class=\"wp-block-group__inner-container is-layout-constrained wp-block-group-is-layout-constrained\">\n<h3 class=\"has-text-align-center has-ast-global-color-5-color has-text-color wp-block-heading\">Il existe 2 types de suivis en ligne, le suivi coaching, et le suivi nutrition<\/h3>\n\n\n\n<hr class=\"wp-block-separator has-css-opacity is-style-wide\"\/>\n\n\n\n<div class=\"wp-block-columns alignwide is-layout-flex wp-container-core-columns-is-layout-9d6595d7 wp-block-columns-is-layout-flex\">\n<div class=\"wp-block-column is-layout-flow wp-block-column-is-layout-flow\">\n<div class=\"wp-block-group\"><div class=\"wp-block-group__inner-container is-layout-constrained wp-block-group-is-layout-constrained\">\n<h4 class=\"has-text-color wp-block-heading\" style=\"color:#ffffff\">En quoi \u00e7a consiste ?<\/h4>\n\n\n\n<p class=\"has-drop-cap has-text-align-left has-text-color\" style=\"color:#d7d7d7\">Votre coach est l\u00e0 pour vous accompagner dans la pratique sportive. Il mettra \u00e0 votre disposition un programme sportif adapt\u00e9 \u00e0 vos besoins, vos envies, votre environnement et vos disponibilit\u00e9s. Pour le suivi nutrition, il s\u2019agira du m\u00eame type de proc\u00e9dure: un plan complet de nutrition et des conseils pr\u00e9cis adapt\u00e9s \u00e0 votre mode de vie et vos objectifs.&nbsp;<\/p>\n\n\n\n<hr class=\"wp-block-separator has-css-opacity\"\/>\n\n\n\n<figure class=\"wp-block-image size-large\"><img decoding=\"async\" src=\"http:\/\/activattitude.fr\/wp-content\/uploads\/2022\/03\/feature1.jpg\" alt=\"\" class=\"wp-image-1423\"\/><\/figure>\n<\/div><\/div>\n<\/div>\n\n\n\n<div class=\"wp-block-column is-layout-flow wp-block-column-is-layout-flow\">\n<div class=\"wp-block-group\"><div class=\"wp-block-group__inner-container is-layout-constrained wp-block-group-is-layout-constrained\">\n<h4 class=\"has-text-align-center has-text-color wp-block-heading\" style=\"color:#ffffff\">De quoi avez vous besoin ?<\/h4>\n\n\n\n<p class=\"has-drop-cap has-text-align-left has-text-color\" style=\"color:#d7d7d7\">Vous choisissez dans un premier temps votre formule incluant le type de coaching (sport\/nutrition) ainsi que le type d\u2019abonnement souhait\u00e9.<\/p>\n\n\n\n<p class=\"has-ast-global-color-5-color has-text-color\">Une fois le paiement effectu\u00e9, un mail vous sera adress\u00e9 avec un questionnaire portant sur vos habitudes de vie, vos objectifs ainsi que vos aptitudes physiques. Il faudra le renvoyer \u00e0 votre coach dans les plus brefs d\u00e9lais. Ce questionnaire servira de fondation pour pr\u00e9parer votre programme.&nbsp;<\/p>\n\n\n\n<p class=\"has-ast-global-color-5-color has-text-color\">Une fois cette premi\u00e8re phase termin\u00e9e, vous recevrez votre programme dans les 48h (hors dimanche).&nbsp;<\/p>\n\n\n\n<hr class=\"wp-block-separator has-css-opacity\"\/>\n\n\n\n<figure class=\"wp-block-image size-large\"><img decoding=\"async\" src=\"http:\/\/activattitude.fr\/wp-content\/uploads\/2022\/03\/feature3.jpg\" alt=\"\" class=\"wp-image-1425\"\/><\/figure>\n<\/div><\/div>\n<\/div>\n\n\n\n<div class=\"wp-block-column is-layout-flow wp-block-column-is-layout-flow\">\n<div class=\"wp-block-group\"><div class=\"wp-block-group__inner-container is-layout-constrained wp-block-group-is-layout-constrained\">\n<h4 class=\"has-text-align-center has-text-color wp-block-heading\" style=\"color:#ffffff\">Comment se d\u00e9roule le coaching ? <\/h4>\n\n\n\n<p class=\"has-drop-cap has-text-align-left has-text-color\" style=\"color:#d7d7d7\">Si n\u00e9cessaire ou si vous le souhaitez, il sera possible de contacter votre coach via appel t\u00e9l\u00e9phonique pour faire un premier point et parler de vos besoins, en compl\u00e9ment si questionnaire.&nbsp;<\/p>\n\n\n\n<p class=\"has-ast-global-color-5-color has-text-color\">Il vous sera possible d\u2019adresser vos interrogations avec votre coach via le moyen que vous aurez convenu (mail, SMS, whatssap\u2026), il sera disponible dans les plus brefs d\u00e9lais pour y r\u00e9pondre.&nbsp;<\/p>\n\n\n\n<p class=\"has-ast-global-color-5-color has-text-color\">Chaque semaine, lorsque vous le souhaitez (de mani\u00e8re r\u00e9guli\u00e8re\u2026), un point sera fait par appel t\u00e9l\u00e9phonique.<\/p>\n\n\n\n<hr class=\"wp-block-separator has-css-opacity\"\/>\n\n\n\n<figure class=\"wp-block-image size-large\"><img decoding=\"async\" src=\"http:\/\/activattitude.fr\/wp-content\/uploads\/2022\/03\/feature4.jpg\" alt=\"\" class=\"wp-image-1426\"\/><\/figure>\n<\/div><\/div>\n<\/div>\n<\/div>\n<\/div><\/div>\n\n\n\n<div class=\"wp-block-group alignfull has-background\" style=\"background-color:#161616\"><div class=\"wp-block-group__inner-container is-layout-constrained wp-block-group-is-layout-constrained\"><\/div><\/div>\n","protected":false},"excerpt":{"rendered":"<p>Il existe 2 types de suivis en ligne, le suivi coaching, et le suivi nutrition En quoi \u00e7a consiste ? Votre coach est l\u00e0 pour vous accompagner dans la pratique sportive. Il mettra \u00e0 votre disposition un programme sportif adapt\u00e9 \u00e0 vos besoins, vos envies, votre environnement et vos disponibilit\u00e9s. Pour le suivi nutrition, il&hellip; <br \/> <a class=\"button small blue\" href=\"https:\/\/activattitude.fr\/?page_id=1584\">Lire la suite<\/a><\/p>\n","protected":false},"author":1,"featured_media":0,"parent":0,"menu_order":0,"comment_status":"closed","ping_status":"closed","template":"","meta":{"om_disable_all_campaigns":false,"_monsterinsights_skip_tracking":false,"_monsterinsights_sitenote_active":false,"_monsterinsights_sitenote_note":"","_monsterinsights_sitenote_category":0,"footnotes":""},"class_list":["post-1584","page","type-page","status-publish","hentry"],"_links":{"self":[{"href":"https:\/\/activattitude.fr\/index.php?rest_route=\/wp\/v2\/pages\/1584","targetHints":{"allow":["GET"]}}],"collection":[{"href":"https:\/\/activattitude.fr\/index.php?rest_route=\/wp\/v2\/pages"}],"about":[{"href":"https:\/\/activattitude.fr\/index.php?rest_route=\/wp\/v2\/types\/page"}],"author":[{"embeddable":true,"href":"https:\/\/activattitude.fr\/index.php?rest_route=\/wp\/v2\/users\/1"}],"replies":[{"embeddable":true,"href":"https:\/\/activattitude.fr\/index.php?rest_route=%2Fwp%2Fv2%2Fcomments&post=1584"}],"version-history":[{"count":13,"href":"https:\/\/activattitude.fr\/index.php?rest_route=\/wp\/v2\/pages\/1584\/revisions"}],"predecessor-version":[{"id":1801,"href":"https:\/\/activattitude.fr\/index.php?rest_route=\/wp\/v2\/pages\/1584\/revisions\/1801"}],"wp:attachment":[{"href":"https:\/\/activattitude.fr\/index.php?rest_route=%2Fwp%2Fv2%2Fmedia&parent=1584"}],"curies":[{"name":"wp","href":"https:\/\/api.w.org\/{rel}","templated":true}]}}