{"id":1839,"date":"2025-06-01T17:37:20","date_gmt":"2025-06-01T16:37:20","guid":{"rendered":"https:\/\/activattitude.fr\/?page_id=1839"},"modified":"2025-06-01T17:37:20","modified_gmt":"2025-06-01T16:37:20","slug":"one-page-express","status":"publish","type":"page","link":"https:\/\/activattitude.fr\/","title":{"rendered":"Front Page"},"content":{"rendered":" <div id=\"overlapable-2\"  style=\"background-color:#ffffff\"  data-label=\"Overlapable\" data-id=\"stripped-coloured-icon-boxes\" data-category=\"overlapable\" class=\"features-coloured-icon-boxes-section\" data-overlap=\"true\"> <div class=\"gridContainer\"> <div class=\"features-coloured-icon-boxes-innerrow flexbox-list dark-text\" data-type=\"row\"> <div class=\"features-coloured-icon-boxes-featurecol cp3cols\" > <div class=\"features-coloured-icon-boxes-iconcontainer\" data-content-item-container=\"true\"> <i data-cp-fa=\"true\" class=\"features-coloured-icon fa fa-bolt\"><\/i> <\/div> <h4 class=\"\">Responsive Design<\/h4> <p class=\"\">Lorem ipsum dolor sit amet, consectetur adipisicing elit, sed do eiusmod tempor incididunt ut labore et dolore magna aliqua.&nbsp;<\/p> <a class=\"features-coloured-button\" href=\"#\">LEARN MORE<\/a> <\/div> <div class=\"features-coloured-icon-boxes-featurecol cp3cols\" > <div class=\"features-coloured-icon-boxes-iconcontainer\" data-content-item-container=\"true\"> <i data-cp-fa=\"true\" class=\"features-coloured-icon fa fa-cloud\"><\/i> <\/div> <h4 class=\"\">Responsive Design<\/h4> <p class=\"\">Lorem ipsum dolor sit amet, consectetur adipisicing elit, sed do eiusmod tempor incididunt ut labore et dolore magna aliqua.&nbsp;<\/p> <a class=\"features-coloured-button\" href=\"#\">LEARN MORE<\/a> <\/div> <div class=\"features-coloured-icon-boxes-featurecol cp3cols\" > <div class=\"features-coloured-icon-boxes-iconcontainer\" data-content-item-container=\"true\"> <i data-cp-fa=\"true\" class=\"features-coloured-icon fa fa-signal\"><\/i> <\/div> <h4 class=\"\">Responsive Design<\/h4> <p class=\"\">Lorem ipsum dolor sit amet, consectetur adipisicing elit, sed do eiusmod tempor incididunt ut labore et dolore magna aliqua.&nbsp;<\/p> <a class=\"features-coloured-button\" href=\"#\">LEARN MORE<\/a> <\/div> <div class=\"features-coloured-icon-boxes-featurecol cp3cols\" > <div class=\"features-coloured-icon-boxes-iconcontainer\" data-content-item-container=\"true\"> <i data-cp-fa=\"true\" class=\"features-coloured-icon fa fa-pie-chart\"><\/i> <\/div> <h4 class=\"\">Responsive Design<\/h4> <p class=\"\">Lorem ipsum dolor sit amet, consectetur adipisicing elit, sed do eiusmod tempor incididunt ut labore et dolore magna aliqua.&nbsp;<\/p> <a class=\"features-coloured-button\" href=\"#\">LEARN MORE<\/a> <\/div> <\/div> <\/div><\/div> <div id=\"about-1\"  style=\"background-color:#f6f6f6\"  data-label=\"About\" data-id=\"about-big-images-section\" data-category=\"about\" class=\"about-big-images-section\"> <div class=\"gridContainer\"> <div class=\"about-big-images-textrow\"> <div class=\"about-big-images-textcol dynamic-color\" data-type=\"column\"> <h5 class=\"\">LOREM IPSUM DOLOR<\/h5> <h3 class=\"\">Brand new WordPress theme&nbsp;<span href=\"#\" class=\"span25\">with unlimited power<\/span>&nbsp;and customization possibilities<br><\/h3> <p>Lorem ipsum dolor sit amet, consectetur adipisicing elit, sed do eiusmod tempor incididunt ut labore et dolore magna aliqua. Ut enim ad minim veniam, quis nostrud.<\/p> <a class=\"button blue big\" href=\"#\">GET STARTED NOW<\/a> <\/div> <\/div> <\/div> <div class=\"about-big-images-bottomrow\"> <div class=\"about-big-images-leftimgcol\"><img decoding=\"async\" class=\"about-big-images-leftimg\" src=\"https:\/\/activattitude.fr\/wp-content\/plugins\/one-page-express-companion\/theme-data\/one-page-express\/sections\/images\/nordwood-themes-180852.jpg\"> <\/div> <div class=\"about-big-images-centerimgcol\"><img decoding=\"async\" class=\"about-big-images-centerimg\" src=\"https:\/\/activattitude.fr\/wp-content\/plugins\/one-page-express-companion\/theme-data\/one-page-express\/sections\/images\/ir5likvfqc4-william-iven-1920x1275.jpg\"> <\/div> <div class=\"about-big-images-rightimgcol\"><img decoding=\"async\" class=\"about-big-images-rightimg\" src=\"https:\/\/activattitude.fr\/wp-content\/plugins\/one-page-express-companion\/theme-data\/one-page-express\/sections\/images\/project1.jpg\"> <\/div> <\/div> <\/div> <div id=\"content-3\"  style=\"background-color:#ffffff\"  data-label=\"Content\" data-id=\"content-image-left\" data-category=\"content\" class=\"content-left-image-section\"> <div class=\"gridContainer\"> <div class=\"row\"> <div class=\"content-left-image-imgcol\" data-type=\"column\"> <img decoding=\"async\" src=\"https:\/\/activattitude.fr\/wp-content\/plugins\/one-page-express-companion\/theme-data\/one-page-express\/sections\/images\/project1.jpg\"> <\/div> <div class=\"content-left-image-textcol dynamic-color\" data-type=\"column\"> <h2>This is one of the things <br>we do best&nbsp;<\/h2> <p class=\"large_text\"> Lorem ipsum dolor sit amet, consectetur adipisicing elit, sed do eiusmod tempor incididunt ut labore et dolore magna aliqua. Ut enim ad minim veniam, quis nostrud exercitation ullamco laboris nisi ut aliquip ex ea commodo consequat. <\/p> <a class=\"button blue\" href=\"#\"> LEARN MORE <\/a> <\/div> <\/div> <\/div> <\/div> <div id=\"content-4\"  style=\"background-color:#f6f6f6\"  data-label=\"Content\" data-id=\"content-image-right\" data-category=\"content\" class=\"content-right-image-section\"> <div class=\"gridContainer\"> <div class=\"content-right-image-gridcol\"> <div class=\"content-right-image-textcol dynamic-color\" data-type=\"column\"> <h2>This is one of the things <br>we do best&nbsp;<\/h2> <p class=\"large_text\"> Lorem ipsum dolor sit amet, consectetur adipisicing elit, sed do eiusmod tempor incididunt ut labore et dolore magna aliqua. Ut enim ad minim veniam, quis nostrud exercitation ullamco laboris nisi ut aliquip ex ea commodo consequat. <\/p> <a class=\"button blue\" href=\"#\"> Learn More <\/a> <\/div> <div class=\"content-right-image-imgcol\" data-type=\"column\"> <img decoding=\"async\" src=\"https:\/\/activattitude.fr\/wp-content\/plugins\/one-page-express-companion\/theme-data\/one-page-express\/sections\/images\/project1.jpg\"> <\/div> <\/div> <\/div> <\/div> <div id=\"portfolio-2\"  style=\"background-color:#ffffff\"  data-label=\"Portfolio\" data-id=\"portfolio-full-section\" data-category=\"portfolio\"> <div class=\"portfolio-full-section\" data-type=\"row\"> <div class=\"portfolio-full-projectco cp4cols cp4cols-tablet\" > <div class=\"contentswap-effect ContentSwap103\" hover-fx=\"ContentSwap103\" id=\"ContentSwap103\"> <div class=\"ContentSwap103_content initial-image\"><img decoding=\"async\" class=\"portfolio-full-projectimg\" data-size=\"1200x800\" src=\"https:\/\/activattitude.fr\/wp-content\/plugins\/one-page-express-companion\/theme-data\/one-page-express\/sections\/images\/project3.jpg\"> <\/div> <div class=\"overlay\" style=\"\"><\/div> <div class=\"swap-inner\" style=\"opacity: 1; display: block;\"> <div class=\"ContentSwap103-center\"> <h4 class=\"protfolio-full-itemtitle\">A COOL PROJECT<\/h4><a class=\"button yellow\" href=\"#\">Check it out<\/a> <\/div> <\/div> <\/div> <\/div> <div class=\"portfolio-full-projectco cp4cols cp4cols-tablet\"> <div class=\"contentswap-effect ContentSwap103\" hover-fx=\"ContentSwap103\" id=\"ContentSwap103\" is-hovered=\"1\"> <div class=\"ContentSwap103_content initial-image\"><img decoding=\"async\" class=\"portfolio-full-projectimg\" data-size=\"1200x800\" src=\"https:\/\/activattitude.fr\/wp-content\/plugins\/one-page-express-companion\/theme-data\/one-page-express\/sections\/images\/project1.jpg\"> <\/div> <div class=\"overlay\"><\/div> <div class=\"swap-inner\" style=\"opacity: 1; display: block;\"> <div class=\"ContentSwap103-center\"> <h4 class=\"protfolio-full-itemtitle\">A COOL PROJECT<\/h4><a class=\"button yellow\" href=\"#\">CHECK IT OUT<\/a> <\/div> <\/div> <\/div> <\/div> <div class=\"portfolio-full-projectco cp4cols cp4cols-tablet\"> <div class=\"contentswap-effect ContentSwap103\" hover-fx=\"ContentSwap103\" id=\"ContentSwap103\" is-hovered=\"1\"> <div class=\"ContentSwap103_content initial-image\"><img decoding=\"async\" class=\"portfolio-full-projectimg\" data-size=\"1200x800\" src=\"https:\/\/activattitude.fr\/wp-content\/plugins\/one-page-express-companion\/theme-data\/one-page-express\/sections\/images\/project2.jpg\"> <\/div> <div class=\"overlay\"><\/div> <div class=\"swap-inner\" style=\"opacity: 1; display: block;\"> <div class=\"ContentSwap103-center\"> <h4 class=\"protfolio-full-itemtitle\">A COOL PROJECT<\/h4><a class=\"button yellow\" href=\"#\">CHECK IT OUT<\/a> <\/div> <\/div> <\/div> <\/div><\/div><\/div> <div id=\"testimonials-1\"  style=\"background-color:#f6f6f6\"  data-label=\"Testimonials\" data-id=\"testimonials-boxed-section\" data-category=\"testimonials\" class=\"testimonials-boxed-section\"> <div class=\"gridContainer\"> <div class=\"testimonials-boxed-textcol dynamic-color\" data-type=\"column\"> <h2>What Our Clients Say<\/h2> <p class=\"\">Lorem ipsum dolor sit amet, consectetur adipisicing elit, sed do eiusmod tempor incididunt ut labore et dolore magna aliqua. Ut enim ad minim veniam, quis nostrud exercitation ullamco laboris nisi.<\/p> <\/div> <div class=\"testimonials-boxed-itemsrow dark-text\" data-type=\"row\"> <div class=\"testimonials-boxed-itemcol cp4cols cp6cols-tablet\"> <div class=\"testimonials-boxed-itemcard\" data-type=\"column\"> <h4 class=\"testimonials-boxed-itemtext\">\u201cLorem ipsum dolor sit amet, consectetur adipisicing elit, sed do eiusmod tempor incididunt ut labore et dolore magna aliqua. Ut enim ad minim veniam.\u201d<\/h4><img decoding=\"async\" class=\"testimonials-boxed-itemimg\" data-size=\"500x500\" src=\"https:\/\/activattitude.fr\/wp-content\/plugins\/one-page-express-companion\/theme-data\/one-page-express\/sections\/images\/face4.jpg\"> <h5 class=\"testimonials-boxed-itemname\">Anna Johnson<\/h5> <h6 class=\"testimonials-boxed-itempos\">CEO @ COOLAPP<\/h6> <\/div> <\/div> <div class=\"testimonials-boxed-itemcol cp4cols cp6cols-tablet\"> <div class=\"testimonials-boxed-itemcard\" data-type=\"column\"> <h4 class=\"testimonials-boxed-itemtext\">\u201cLorem ipsum dolor sit amet, consectetur adipisicing elit, sed do eiusmod tempor incididunt ut labore et dolore magna aliqua. Ut enim ad minim veniam.\u201d<\/h4><img decoding=\"async\" class=\"testimonials-boxed-itemimg\" data-size=\"500x500\" src=\"https:\/\/activattitude.fr\/wp-content\/plugins\/one-page-express-companion\/theme-data\/one-page-express\/sections\/images\/face9.jpg\"> <h5 class=\"testimonials-boxed-itemname\">Eric Black<\/h5> <h6 class=\"testimonials-boxed-itempos\">CEO @ COOLAPP<\/h6> <\/div> <\/div> <div class=\"testimonials-boxed-itemcol cp4cols cp6cols-tablet\"> <div class=\"testimonials-boxed-itemcard\" data-type=\"column\"> <h4 class=\"testimonials-boxed-itemtext\">\u201cLorem ipsum dolor sit amet, consectetur adipisicing elit, sed do eiusmod tempor incididunt ut labore et dolore magna aliqua. Ut enim ad minim veniam.\u201d<\/h4><img decoding=\"async\" class=\"testimonials-boxed-itemimg\" data-size=\"500x500\" src=\"https:\/\/activattitude.fr\/wp-content\/plugins\/one-page-express-companion\/theme-data\/one-page-express\/sections\/images\/face7.jpg\"> <h5 class=\"testimonials-boxed-itemname\">John Collins<\/h5> <h6 class=\"testimonials-boxed-itempos\">CEO @ COOLAPP<\/h6> <\/div> <\/div> <\/div> <\/div><\/div> <div id=\"cta-1\"  data-label=\"Call to action\" data-id=\"cta-blue-section\" data-category=\"cta\" class=\"cta-blue-section\"> <div class=\"gridContainer\"> <div class=\"flexbox-list flexbox-list-align-center row\"> <div class=\"cta-blue-textcol dynamic-color\"> <h2 class=\"cta-blue-text\"> <b class=\"element2\"> Join us. <\/b> It will only take a minute <\/h2> <\/div> <div class=\"cta-blue-btncol\"> <a class=\"button big yellow dark-text\" href=\"#\"> GET STARTED TODAY <\/a> <\/div> <\/div> <\/div> <\/div> <div id=\"team-1\"  style=\"background-color:#ffffff\"  data-label=\"Team\" data-id=\"team-colors-section\" data-category=\"team\" class=\"team-colors-section\"> <div class=\"gridContainer\"> <div class=\"team-colors-textcol dynamic-color\"> <h2>Our Awesome Team<\/h2> <p class=\"\">Lorem ipsum dolor sit amet, consectetur adipisicing elit, sed do eiusmod tempor incididunt ut labore et dolore magna aliqua. Ut enim ad minim veniam, quis nostrud exercitation.<\/p> <\/div> <div class=\"team-colors-membersrow dark-text\" data-type=\"row\"> <div class=\"team-colors-membercol cp3cols cp6cols-tablet\"> <div class=\"team-colors-membercard\"> <div class=\"team-colors-background\"><\/div> <div class=\"team-colors-memberinfo\" data-type=\"column\"><img decoding=\"async\" class=\"team-colors-memberimg\" data-size=\"500x500\" height=\"175\" src=\"https:\/\/activattitude.fr\/wp-content\/plugins\/one-page-express-companion\/theme-data\/one-page-express\/sections\/images\/face7.jpg\"> <h4 class=\"team-colors-membername\">Chip Mayer<\/h4> <p class=\"team-colors-memberposition\">Co-founder &amp; CEO<\/p> <p>Lorem ipsum dolor sit amet, consectetur adipisicing elit, sed do eiusmod tempor incididunt.<\/p> <hr class=\"team-colors-separator\"> <\/div> <div class=\"team-colors-membericons\" data-type=\"group\"> <a href=\"#\"><i data-cp-fa=\"true\" class=\"team-colors-icon fa fa-linkedin\"><\/i><\/a> <a href=\"#\"><i data-cp-fa=\"true\" class=\"fa fa-twitter team-colors-icon\"><\/i><\/a> <a href=\"#\"><i data-cp-fa=\"true\" class=\"fa fa-dribbble team-colors-icon\"><\/i><\/a> <\/div> <\/div> <\/div> <div class=\"team-colors-membercol cp3cols cp6cols-tablet\"> <div class=\"team-colors-membercard\"> <div class=\"team-colors-background\"><\/div> <div class=\"team-colors-memberinfo\" data-type=\"column\"><img decoding=\"async\" class=\"team-colors-memberimg\" data-size=\"500x500\" src=\"https:\/\/activattitude.fr\/wp-content\/plugins\/one-page-express-companion\/theme-data\/one-page-express\/sections\/images\/face11.jpg\"> <h4 class=\"team-colors-membername\">Jane Brown<\/h4> <p class=\"team-colors-memberposition\">Co-founder &amp; COO<\/p> <p>Lorem ipsum dolor sit amet, consectetur adipisicing elit, sed do eiusmod tempor incididunt.<\/p> <hr class=\"team-colors-separator\"> <\/div> <div class=\"team-colors-membericons\" data-type=\"group\"> <a href=\"#\"><i data-cp-fa=\"true\" class=\"team-colors-icon fa fa-linkedin\"><\/i><\/a> <a href=\"#\"><i data-cp-fa=\"true\" class=\"fa fa-twitter team-colors-icon\"><\/i><\/a> <a href=\"#\"><i data-cp-fa=\"true\" class=\"fa fa-dribbble team-colors-icon\"><\/i><\/a> <\/div> <\/div> <\/div> <div class=\"team-colors-membercol cp3cols cp6cols-tablet\"> <div class=\"team-colors-membercard\"> <div class=\"team-colors-background\"><\/div> <div class=\"team-colors-memberinfo\" data-type=\"column\"><img decoding=\"async\" class=\"team-colors-memberimg\" data-size=\"500x500\" src=\"https:\/\/activattitude.fr\/wp-content\/plugins\/one-page-express-companion\/theme-data\/one-page-express\/sections\/images\/face4.jpg\"> <h4 class=\"team-colors-membername\">Erika Black&nbsp;<\/h4> <p class=\"team-colors-memberposition\">Marketing Director<\/p> <p>Lorem ipsum dolor sit amet, consectetur adipisicing elit, sed do eiusmod tempor incididunt.<\/p> <hr class=\"team-colors-separator\"> <\/div> <div class=\"team-colors-membericons\" data-type=\"group\"> <a href=\"#\"><i data-cp-fa=\"true\" class=\"team-colors-icon fa fa-linkedin\"><\/i><\/a> <a href=\"#\"><i data-cp-fa=\"true\" class=\"fa fa-twitter team-colors-icon\"><\/i><\/a> <a href=\"#\"><i data-cp-fa=\"true\" class=\"fa fa-dribbble team-colors-icon\"><\/i><\/a> <\/div> <\/div> <\/div> <div class=\"team-colors-membercol cp3cols cp6cols-tablet\"> <div class=\"team-colors-membercard\"> <div class=\"team-colors-background\"><\/div> <div class=\"team-colors-memberinfo\" data-type=\"column\"><img decoding=\"async\" class=\"team-colors-memberimg\" data-size=\"500x500\" src=\"https:\/\/activattitude.fr\/wp-content\/plugins\/one-page-express-companion\/theme-data\/one-page-express\/sections\/images\/face9.jpg\"> <h4 class=\"team-colors-membername\">George Mayer<\/h4> <p class=\"team-colors-memberposition\">Creative Director<\/p> <p>Lorem ipsum dolor sit amet, consectetur adipisicing elit, sed do eiusmod tempor incididunt.<\/p> <hr class=\"team-colors-separator\"> <\/div> <div class=\"team-colors-membericons\" data-type=\"group\"> <a href=\"#\"><i data-cp-fa=\"true\" class=\"team-colors-icon fa fa-linkedin\"><\/i><\/a> <a href=\"#\"><i data-cp-fa=\"true\" class=\"fa fa-twitter team-colors-icon\"><\/i><\/a> <a href=\"#\"><i data-cp-fa=\"true\" class=\"fa fa-dribbble team-colors-icon\"><\/i><\/a> <\/div> <\/div> <\/div> <\/div> <\/div><\/div> <div id=\"numbers\"  data-label=\"Numbers\" data-id=\"numbers-section\" data-category=\"numbers\" data-bg=\"transparent\" class=\"numbers-section\" data-parallax-depth=\"20\" > <div class=\"gridContainer dynamic-color\"> <div class=\"numbers-itemcol\" > <h2 class=\"numbers-numbertext\" >230<\/h2> <h3 class=\"numbers-titletext\" >PROJECTS<\/h3> <\/div> <div class=\"numbers-itemcol\"> <h2 class=\"numbers-numbertext\">75340<\/h2> <h3 class=\"numbers-titletext\">WORKED HOURS<\/h3> <\/div> <div class=\"numbers-itemcol-last\"> <h2 class=\"numbers-numbertext\" >25<\/h2> <h3 class=\"numbers-titletext\" >EMPLOYEES<\/h3> <\/div> <\/div><\/div><div id=\"latest-posts\"  style=\"background-color:#ffffff\"  data-label=\"Latest posts\" data-id=\"blog-section\" data-category=\"latest_news\" class=\"blog-section\" style=\"\"> <div class=\"gridContainer\" style=\"\"> <div class=\"blog-textrow\"> <div class=\"blog-textcol dynamic-color\" data-type=\"column\"> <h2>Latest News<\/h2> <p>Lorem ipsum dolor sit amet, consectetur adipisicing elit, sed do eiusmod tempor incididunt ut labore et dolore magna aliqua. Ut enim ad minim veniam, quis nostrud exercitation ullamco laboris nisi ut aliquip ex ea commodo consequat.<\/p> <\/div> <\/div> <div class=\"blog-postsrow dark-text\" data-type=\"row\" data-dynamic-columns=\"one_page_express_latest_news_columns\" data-content-shortcode=\"one_page_express_latest_news\"> \t\t\t<div id=\"post-1217\" class=\"blog-postcol cp4cols\">\n\t\t\t<div class=\"post-content\">\n\t\t\t\t\t\t\t\t<div class=\"row_345\">\n\t\t\t\t\t<h3 class=\"blog-title\">\n\t\t\t\t\t\t<a href=\"https:\/\/activattitude.fr\/?p=1217\" rel=\"bookmark\">\n\t\t\t\t\t\t\tBien manger\t\t\t\t\t\t<\/a>\n\t\t\t\t\t<\/h3>\n\t\t\t\t\t<p>Avant de s&#8217;entrainer Mieux vaut remplacer les boissons \u00e9nerg\u00e9tiques, barres, encas en tous genres ou pain-margarine et opter pour les aliments \u00e0 faible indice glyc\u00e9mique comme un&nbsp;yaourt + fruit +[&hellip;]<\/p>\n\t\t\t\t\t<a class=\"button blue small\" href=\"https:\/\/activattitude.fr\/?p=1217\">\n\t\t\t\t\t\t<span data-theme=\"one_page_express_latest_news_read_more\">Read more<\/span>\n\t\t\t\t\t<\/a>\n\t\t\t\t\t<hr class=\"blog-separator\">\n<div class=\"post-header\">\n    <i class=\"font-icon-post fa fa-user\"><\/i>\n    <a href=\"https:\/\/activattitude.fr\/?author=1\" title=\"Articles par fabrice.ladoue@gmail.com\" rel=\"author\">fabrice.ladoue@gmail.com<\/a>    <i class=\"font-icon-post fa fa-calendar\"><\/i>\n    <span class=\"span12\">mars 15, 2022<\/span>\n\n    <i class=\"font-icon-post fa fa-comment-o\"><\/i>\n    <span>0<\/span>\n<\/div>\t\t\t\t<\/div>\n\t\t\t<\/div>\n\t\t<\/div>\n\t\t\t\t<div id=\"post-1208\" class=\"blog-postcol cp4cols\">\n\t\t\t<div class=\"post-content\">\n\t\t\t\t\t\t\t\t<div class=\"row_345\">\n\t\t\t\t\t<h3 class=\"blog-title\">\n\t\t\t\t\t\t<a href=\"https:\/\/activattitude.fr\/?p=1208\" rel=\"bookmark\">\n\t\t\t\t\t\t\tnouveau post\t\t\t\t\t\t<\/a>\n\t\t\t\t\t<\/h3>\n\t\t\t\t\t<p>&#8220;&#8220;R\u00e9veilles toi avec d\u00e9termination, endors toi avec satisfactions\u00e9<\/p>\n\t\t\t\t\t<a class=\"button blue small\" href=\"https:\/\/activattitude.fr\/?p=1208\">\n\t\t\t\t\t\t<span data-theme=\"one_page_express_latest_news_read_more\">Read more<\/span>\n\t\t\t\t\t<\/a>\n\t\t\t\t\t<hr class=\"blog-separator\">\n<div class=\"post-header\">\n    <i class=\"font-icon-post fa fa-user\"><\/i>\n    <a href=\"https:\/\/activattitude.fr\/?author=1\" title=\"Articles par fabrice.ladoue@gmail.com\" rel=\"author\">fabrice.ladoue@gmail.com<\/a>    <i class=\"font-icon-post fa fa-calendar\"><\/i>\n    <span class=\"span12\">mars 14, 2022<\/span>\n\n    <i class=\"font-icon-post fa fa-comment-o\"><\/i>\n    <span>0<\/span>\n<\/div>\t\t\t\t<\/div>\n\t\t\t<\/div>\n\t\t<\/div>\n\t\t\t\t<div id=\"post-1\" class=\"blog-postcol cp4cols\">\n\t\t\t<div class=\"post-content\">\n\t\t\t\t\t\t\t\t<div class=\"row_345\">\n\t\t\t\t\t<h3 class=\"blog-title\">\n\t\t\t\t\t\t<a href=\"https:\/\/activattitude.fr\/?p=1\" rel=\"bookmark\">\n\t\t\t\t\t\t\tHello world!\t\t\t\t\t\t<\/a>\n\t\t\t\t\t<\/h3>\n\t\t\t\t\t<p>Welcome to WordPress. This is your first post. Edit or delete it, then start writing!<\/p>\n\t\t\t\t\t<a class=\"button blue small\" href=\"https:\/\/activattitude.fr\/?p=1\">\n\t\t\t\t\t\t<span data-theme=\"one_page_express_latest_news_read_more\">Read more<\/span>\n\t\t\t\t\t<\/a>\n\t\t\t\t\t<hr class=\"blog-separator\">\n<div class=\"post-header\">\n    <i class=\"font-icon-post fa fa-user\"><\/i>\n    <a href=\"https:\/\/activattitude.fr\/?author=1\" title=\"Articles par fabrice.ladoue@gmail.com\" rel=\"author\">fabrice.ladoue@gmail.com<\/a>    <i class=\"font-icon-post fa fa-calendar\"><\/i>\n    <span class=\"span12\">mars 6, 2022<\/span>\n\n    <i class=\"font-icon-post fa fa-comment-o\"><\/i>\n    <span>1<\/span>\n<\/div>\t\t\t\t<\/div>\n\t\t\t<\/div>\n\t\t<\/div>\n\t\t <\/div> <div class=\"blog-textcol\"> <a class=\"button blue\" data-attr-shortcode=\"href:one_page_express_blog_link\" href=\"https:\/\/activattitude.fr\/?page_id=1840\">SEE ALL BLOG POSTS<\/a> <\/div> <\/div><\/div> <div id=\"contact-4\"  data-label=\"Contact\" data-id=\"contact-section\" data-category=\"contact\" data-bg=\"transparent\" class=\"contact-section-formsection white-text\"> <div class=\"gridContainer\"> <div class=\"row_224\"> <div class=\"contact-textrow\"> <div class=\"contact-textcol dynamic-color\"> <h2 class=\"\">Say Hello<\/h2> <p class=\"white_text\">Lorem ipsum dolor sit amet, consectetur adipisicing elit, sed do eiusmod tempor incididunt ut labore et dolore magna aliqua.<\/p> <\/div> <\/div> <\/div> <div class=\"contact-formcol\" data-content-shortcode=\"one_page_express_contact_form\" data-editable=\"true\"> <p style=\"text-align:center;color:#ababab\">Contact form will be displayed here. To activate it you have to click this area and set the shortcode parameter in Customizer.<\/p> <\/div> <\/div><\/div>","protected":false},"excerpt":{"rendered":"<p>Responsive Design Lorem ipsum dolor sit amet, consectetur adipisicing elit, sed do eiusmod tempor incididunt ut labore et dolore magna aliqua.&nbsp; LEARN MORE Responsive Design Lorem ipsum dolor sit amet, consectetur adipisicing elit, sed do eiusmod tempor incididunt ut labore et dolore magna aliqua.&nbsp; LEARN MORE Responsive Design Lorem ipsum dolor sit amet, consectetur adipisicing&hellip; <br \/> <a class=\"button small blue\" href=\"https:\/\/activattitude.fr\/?p=1\">Lire la suite<\/a><\/p>\n","protected":false},"author":1,"featured_media":0,"parent":0,"menu_order":0,"comment_status":"closed","ping_status":"closed","template":"","meta":{"om_disable_all_campaigns":false,"_monsterinsights_skip_tracking":false,"_monsterinsights_sitenote_active":false,"_monsterinsights_sitenote_note":"","_monsterinsights_sitenote_category":0,"footnotes":""},"class_list":["post-1839","page","type-page","status-publish","hentry"],"_links":{"self":[{"href":"https:\/\/activattitude.fr\/index.php?rest_route=\/wp\/v2\/pages\/1839","targetHints":{"allow":["GET"]}}],"collection":[{"href":"https:\/\/activattitude.fr\/index.php?rest_route=\/wp\/v2\/pages"}],"about":[{"href":"https:\/\/activattitude.fr\/index.php?rest_route=\/wp\/v2\/types\/page"}],"author":[{"embeddable":true,"href":"https:\/\/activattitude.fr\/index.php?rest_route=\/wp\/v2\/users\/1"}],"replies":[{"embeddable":true,"href":"https:\/\/activattitude.fr\/index.php?rest_route=%2Fwp%2Fv2%2Fcomments&post=1839"}],"version-history":[{"count":1,"href":"https:\/\/activattitude.fr\/index.php?rest_route=\/wp\/v2\/pages\/1839\/revisions"}],"predecessor-version":[{"id":1842,"href":"https:\/\/activattitude.fr\/index.php?rest_route=\/wp\/v2\/pages\/1839\/revisions\/1842"}],"wp:attachment":[{"href":"https:\/\/activattitude.fr\/index.php?rest_route=%2Fwp%2Fv2%2Fmedia&parent=1839"}],"curies":[{"name":"wp","href":"https:\/\/api.w.org\/{rel}","templated":true}]}}