{"id":966,"date":"2021-04-06T10:36:55","date_gmt":"2021-04-06T10:36:55","guid":{"rendered":"http:\/\/activattitude.fr\/?page_id=966"},"modified":"2022-09-03T15:00:38","modified_gmt":"2022-09-03T14:00:38","slug":"services","status":"publish","type":"page","link":"https:\/\/activattitude.fr\/?page_id=966","title":{"rendered":"Services"},"content":{"rendered":"\n<div class=\"wp-block-cover alignfull is-light\" style=\"min-height:486px;aspect-ratio:unset;\"><span aria-hidden=\"true\" class=\"wp-block-cover__background has-ast-global-color-2-background-color has-background-dim-0 has-background-dim\"><\/span><img loading=\"lazy\" decoding=\"async\" width=\"1113\" height=\"1101\" class=\"wp-block-cover__image-background wp-image-1789\" alt=\"\" src=\"https:\/\/activattitude.fr\/wp-content\/uploads\/2022\/09\/service20220902_services.jpg\" style=\"object-position:61% 30%\" data-object-fit=\"cover\" data-object-position=\"61% 30%\" srcset=\"https:\/\/activattitude.fr\/wp-content\/uploads\/2022\/09\/service20220902_services.jpg 1113w, https:\/\/activattitude.fr\/wp-content\/uploads\/2022\/09\/service20220902_services-300x297.jpg 300w, https:\/\/activattitude.fr\/wp-content\/uploads\/2022\/09\/service20220902_services-1024x1013.jpg 1024w, https:\/\/activattitude.fr\/wp-content\/uploads\/2022\/09\/service20220902_services-768x760.jpg 768w\" sizes=\"auto, (max-width: 1113px) 100vw, 1113px\" \/><div class=\"wp-block-cover__inner-container is-layout-flow wp-block-cover-is-layout-flow\">\n<h1 class=\"has-white-color has-text-color wp-block-heading\">Services<\/h1>\n<\/div><\/div>\n\n\n\n<div class=\"wp-block-group alignfull has-text-color has-background\" style=\"background-color:#161616;color:#161616\"><div class=\"wp-block-group__inner-container is-layout-constrained wp-block-group-is-layout-constrained\">\n<div class=\"wp-block-media-text alignwide is-stacked-on-mobile is-vertically-aligned-center\" style=\"grid-template-columns:34% auto\"><figure class=\"wp-block-media-text__media\"><img loading=\"lazy\" decoding=\"async\" width=\"1024\" height=\"689\" src=\"http:\/\/activattitude.fr\/wp-content\/uploads\/2022\/03\/karate-2578819_1920-1024x689.jpg\" alt=\"\" class=\"wp-image-1203 size-full\" srcset=\"https:\/\/activattitude.fr\/wp-content\/uploads\/2022\/03\/karate-2578819_1920-1024x689.jpg 1024w, https:\/\/activattitude.fr\/wp-content\/uploads\/2022\/03\/karate-2578819_1920-300x202.jpg 300w, https:\/\/activattitude.fr\/wp-content\/uploads\/2022\/03\/karate-2578819_1920-768x517.jpg 768w, https:\/\/activattitude.fr\/wp-content\/uploads\/2022\/03\/karate-2578819_1920-1536x1034.jpg 1536w, https:\/\/activattitude.fr\/wp-content\/uploads\/2022\/03\/karate-2578819_1920.jpg 1920w\" sizes=\"auto, (max-width: 1024px) 100vw, 1024px\" \/><\/figure><div class=\"wp-block-media-text__content\">\n<p class=\"has-drop-cap has-text-color\" style=\"color:#d7d7d7;font-size:15px\">Choisissez la formule qui vous convient ! Le suivi en ligne vous permettra d&#8217;\u00eatre coach\u00e9 \u00e0 distance sur une longue dur\u00e9e tandis que le coaching physique se fera en r\u00e9el avec votre coach. C&#8217;est \u00e0 vous de choisir. Et pourquoi pas les deux ? <\/p>\n<\/div><\/div>\n<\/div><\/div>\n\n\n\n<div class=\"wp-block-group alignfull has-background\" style=\"background-color:#171717\"><div class=\"wp-block-group__inner-container is-layout-constrained wp-block-group-is-layout-constrained\">\n<div class=\"wp-block-columns alignwide are-vertically-aligned-top is-layout-flex wp-container-core-columns-is-layout-9d6595d7 wp-block-columns-is-layout-flex\">\n<div class=\"wp-block-column is-vertically-aligned-top is-layout-flow wp-block-column-is-layout-flow\"><div class=\"wp-block-image\">\n<figure class=\"alignleft size-large is-resized\"><img loading=\"lazy\" decoding=\"async\" src=\"http:\/\/activattitude.fr\/wp-content\/uploads\/2022\/04\/Service20220414_BlocSuiviEnLigne-1024x683.jpg\" alt=\"\" class=\"wp-image-1573\" width=\"353\" height=\"235\" srcset=\"https:\/\/activattitude.fr\/wp-content\/uploads\/2022\/04\/Service20220414_BlocSuiviEnLigne-1024x683.jpg 1024w, https:\/\/activattitude.fr\/wp-content\/uploads\/2022\/04\/Service20220414_BlocSuiviEnLigne-300x200.jpg 300w, https:\/\/activattitude.fr\/wp-content\/uploads\/2022\/04\/Service20220414_BlocSuiviEnLigne-768x512.jpg 768w, https:\/\/activattitude.fr\/wp-content\/uploads\/2022\/04\/Service20220414_BlocSuiviEnLigne-1536x1024.jpg 1536w, https:\/\/activattitude.fr\/wp-content\/uploads\/2022\/04\/Service20220414_BlocSuiviEnLigne-2048x1365.jpg 2048w\" sizes=\"auto, (max-width: 353px) 100vw, 353px\" \/><\/figure>\n<\/div>\n\n\n<div style=\"height:20px\" aria-hidden=\"true\" class=\"wp-block-spacer\"><\/div>\n\n\n\n<h3 class=\"has-text-color wp-block-heading\" style=\"color:#ffffff\">Suivi en ligne <\/h3>\n\n\n\n<div class=\"wp-block-buttons is-layout-flex wp-block-buttons-is-layout-flex\">\n<div class=\"wp-block-button is-style-fill\"><a class=\"wp-block-button__link has-ast-global-color-5-color has-ast-global-color-7-background-color has-text-color has-background\" href=\"http:\/\/activattitude.fr\/?page_id=1584\">D\u00e9tail<\/a><\/div>\n<\/div>\n<\/div>\n\n\n\n<div class=\"wp-block-column is-vertically-aligned-top is-layout-flow wp-block-column-is-layout-flow\"><div class=\"wp-block-image\">\n<figure class=\"alignleft size-large is-resized\"><img loading=\"lazy\" decoding=\"async\" src=\"http:\/\/activattitude.fr\/wp-content\/uploads\/2022\/04\/Service20220414_BlocCoachReel-1024x683.jpg\" alt=\"\" class=\"wp-image-1575\" width=\"360\" height=\"242\"\/><\/figure>\n<\/div>\n\n\n<div style=\"height:20px\" aria-hidden=\"true\" class=\"wp-block-spacer\"><\/div>\n\n\n\n<h3 class=\"has-text-color wp-block-heading\" style=\"color:#ffffff\">Coaching r\u00e9el <\/h3>\n\n\n\n<div class=\"wp-block-buttons is-layout-flex wp-block-buttons-is-layout-flex\">\n<div class=\"wp-block-button\"><a class=\"wp-block-button__link has-ast-global-color-5-color has-ast-global-color-7-background-color has-text-color has-background\" href=\"http:\/\/activattitude.fr\/?page_id=1602\">D\u00e9tail<\/a><\/div>\n<\/div>\n<\/div>\n<\/div>\n<\/div><\/div>\n","protected":false},"excerpt":{"rendered":"<p>Choisissez la formule qui vous convient ! Le suivi en ligne vous permettra d&#8217;\u00eatre coach\u00e9 \u00e0 distance sur une longue dur\u00e9e tandis que le coaching physique se fera en r\u00e9el avec votre coach. C&#8217;est \u00e0 vous de choisir. Et pourquoi pas les deux ? Suivi en ligne Coaching r\u00e9el<\/p>\n","protected":false},"author":1,"featured_media":0,"parent":0,"menu_order":2,"comment_status":"closed","ping_status":"closed","template":"","meta":{"om_disable_all_campaigns":false,"_monsterinsights_skip_tracking":false,"_monsterinsights_sitenote_active":false,"_monsterinsights_sitenote_note":"","_monsterinsights_sitenote_category":0,"footnotes":""},"class_list":["post-966","page","type-page","status-publish","hentry"],"_links":{"self":[{"href":"https:\/\/activattitude.fr\/index.php?rest_route=\/wp\/v2\/pages\/966","targetHints":{"allow":["GET"]}}],"collection":[{"href":"https:\/\/activattitude.fr\/index.php?rest_route=\/wp\/v2\/pages"}],"about":[{"href":"https:\/\/activattitude.fr\/index.php?rest_route=\/wp\/v2\/types\/page"}],"author":[{"embeddable":true,"href":"https:\/\/activattitude.fr\/index.php?rest_route=\/wp\/v2\/users\/1"}],"replies":[{"embeddable":true,"href":"https:\/\/activattitude.fr\/index.php?rest_route=%2Fwp%2Fv2%2Fcomments&post=966"}],"version-history":[{"count":26,"href":"https:\/\/activattitude.fr\/index.php?rest_route=\/wp\/v2\/pages\/966\/revisions"}],"predecessor-version":[{"id":1813,"href":"https:\/\/activattitude.fr\/index.php?rest_route=\/wp\/v2\/pages\/966\/revisions\/1813"}],"wp:attachment":[{"href":"https:\/\/activattitude.fr\/index.php?rest_route=%2Fwp%2Fv2%2Fmedia&parent=966"}],"curies":[{"name":"wp","href":"https:\/\/api.w.org\/{rel}","templated":true}]}}